{"id":5460,"date":"2021-10-13T20:46:47","date_gmt":"2021-10-13T20:46:47","guid":{"rendered":"https:\/\/agrupaciofallesmislata.com\/?page_id=5460"},"modified":"2021-10-13T20:46:48","modified_gmt":"2021-10-13T20:46:48","slug":"politica-de-privacitat","status":"publish","type":"page","link":"https:\/\/agrupaciofallesmislata.com\/?page_id=5460","title":{"rendered":"POL\u00cdTICA DE PRIVACITAT"},"content":{"rendered":"\n<div class=\"wp-block-group\"><div class=\"wp-block-group__inner-container is-layout-flow wp-block-group-is-layout-flow\">\n<div class=\"wp-block-group\"><div class=\"wp-block-group__inner-container is-layout-flow wp-block-group-is-layout-flow\">\n<p><strong>1. INFORMACI\u00d3 A l&#8217;USUARI<\/strong><\/p>\n<\/div><\/div>\n\n\n\n<p><strong>AGRUPACI\u00d3 DE FALLES DE MISLATA<\/strong>., com a Responsable del Tractament, l&#8217;informa que, segons el que es disposa en el Reglament (UE) 2016\/679, de 27 d&#8217;abril, (RGPD) i en la L.O. 3\/2018, de 5 de desembre, de protecci\u00f3 de dades i garantia dels drets digitals (LOPDGDD), tractarem les seues dades tal com reflectim en la present Pol\u00edtica de Privacitat.<\/p>\n\n\n\n<p>En aquesta Pol\u00edtica de Privacitat descrivim com recollim les seues dades personals i per qu\u00e8 els recollim, qu\u00e8 fem amb ells, amb qui els compartim, com els protegim i les seues opcions quant al tractament de les seues dades personals.<\/p>\n\n\n\n<p>Aquesta Pol\u00edtica s&#8217;aplica al tractament de les seues dades personals recollits per l&#8217;empresa per a la prestaci\u00f3 dels seus serveis. Si accepta les mesures d&#8217;aquesta Pol\u00edtica, accepta que tractem les seues dades personals com es defineix en aquesta Pol\u00edtica.<\/p>\n\n\n\n<p><strong>2. CONTACTE<\/strong><\/p>\n\n\n\n<p>Denominaci\u00f3 social: <strong> <strong>AGRUPACI\u00d3 DE FALLES DE MISLATA<\/strong> <\/strong><\/p>\n\n\n\n<p>CIF: <strong>G46973103<\/strong><\/p>\n\n\n\n<p>Domicili: <strong> &#8211; 46920 Mislata<\/strong><\/p>\n\n\n\n<p>e-mail: <strong>agrupaciofallesmislata@gmail.com<\/strong><\/p>\n\n\n\n<p><strong>3. PRINCIPIS CLAU<\/strong><\/p>\n\n\n\n<p>Sempre hem estat compromesos amb prestar els nostres serveis amb el m\u00e9s alt grau de qualitat, la qual cosa inclou tractar les seues dades amb seguretat i transpar\u00e8ncia. Els nostres principis s\u00f3n:<\/p>\n\n\n\n<p>\u2022&nbsp;&nbsp;&nbsp;&nbsp;&nbsp;&nbsp;&nbsp;&nbsp;&nbsp;&nbsp;&nbsp;&nbsp; Legalitat: Nom\u00e9s recopilarem les seues Dades personals per a fins espec\u00edfics, expl\u00edcits i leg\u00edtims.<\/p>\n\n\n\n<p>\u2022&nbsp;&nbsp;&nbsp;&nbsp;&nbsp;&nbsp;&nbsp;&nbsp;&nbsp;&nbsp;&nbsp;&nbsp; Minimitzaci\u00f3 de dades: Limitem la recollida de dades de car\u00e0cter personal al que \u00e9s estrictament rellevant i necessari per als fins per als quals s&#8217;han recopilat.<\/p>\n\n\n\n<p>\u2022&nbsp;&nbsp;&nbsp;&nbsp;&nbsp;&nbsp;&nbsp;&nbsp;&nbsp;&nbsp;&nbsp;&nbsp; Limitaci\u00f3 de la Finalitat: Nom\u00e9s recollirem les seues dades personals per als fins declarats i nom\u00e9s segons els seus desitjos.<\/p>\n\n\n\n<p>\u2022&nbsp;&nbsp;&nbsp;&nbsp;&nbsp;&nbsp;&nbsp;&nbsp;&nbsp;&nbsp;&nbsp;&nbsp; Precisi\u00f3: Mantindrem les seues dades personals exactes i actualitzats.<\/p>\n\n\n\n<p>\u2022&nbsp;&nbsp;&nbsp;&nbsp;&nbsp;&nbsp;&nbsp;&nbsp;&nbsp;&nbsp;&nbsp;&nbsp; Seguretat de les Dades: Apliquem les mesures t\u00e8cniques i organitzatives adequades i proporcionals als riscos per a garantir que les seues dades no patisquen danys, com ara divulgaci\u00f3 o acc\u00e9s no autoritzat, la destrucci\u00f3 accidental o il\u00b7l\u00edcita o la seua p\u00e8rdua accidental o alteraci\u00f3 i qualsevol altra forma de tractament il\u00b7l\u00edcit.<\/p>\n\n\n\n<p>\u2022&nbsp;&nbsp;&nbsp;&nbsp;&nbsp;&nbsp;&nbsp;&nbsp;&nbsp;&nbsp;&nbsp;&nbsp; Acc\u00e9s i Rectificaci\u00f3: Disposem de mitjans perqu\u00e8 accedisca o rectifique les seues dades quan ho considere oport\u00fa.<\/p>\n\n\n\n<p>\u2022&nbsp;&nbsp;&nbsp;&nbsp;&nbsp;&nbsp;&nbsp;&nbsp;&nbsp;&nbsp;&nbsp;&nbsp; Conservaci\u00f3: Conservem les seues dades personals de manera legal i apropiada i nom\u00e9s mentre \u00e9s necessari per als fins per als quals s&#8217;han recopilat.<\/p>\n\n\n\n<p>\u2022&nbsp;&nbsp;&nbsp;&nbsp;&nbsp;&nbsp;&nbsp;&nbsp;&nbsp;&nbsp;&nbsp;&nbsp; Les transfer\u00e8ncies internacionals: quan es done el cas que les seues dades vagen a ser transferits fora de la UE\/EEE es protegiran adequadament.<\/p>\n\n\n\n<p>\u2022&nbsp;&nbsp;&nbsp;&nbsp;&nbsp;&nbsp;&nbsp;&nbsp;&nbsp;&nbsp;&nbsp;&nbsp; Tercers: L&#8217;acc\u00e9s i transfer\u00e8ncia de dades personals a tercers es duen a terme d&#8217;acord amb les lleis i reglaments aplicables i amb les garanties contractuals adequades.<\/p>\n\n\n\n<p>\u2022&nbsp;&nbsp;&nbsp;&nbsp;&nbsp;&nbsp;&nbsp;&nbsp;&nbsp;&nbsp;&nbsp;&nbsp; M\u00e0rqueting Directe i cookies: Complim amb la legislaci\u00f3 aplicable en mat\u00e8ria de publicitat i cookies.<\/p>\n\n\n\n<p><strong>4. RECOLLIDA I TRACTAMENT DE LES SEUES DADES PERSONALS<\/strong><\/p>\n\n\n\n<p>Els tipus de dades que es poden sol\u00b7licitar i tractar s\u00f3n:<\/p>\n\n\n\n<p>\u2022&nbsp;&nbsp;&nbsp;&nbsp;&nbsp;&nbsp;&nbsp;&nbsp;&nbsp;&nbsp;&nbsp;&nbsp; Dades de car\u00e0cter identificatiu.<\/p>\n\n\n\n<p>Tamb\u00e9 recollim de manera autom\u00e0tica dades sobre la seua visita al nostre lloc web segons es descriu en la pol\u00edtica de cookies.<\/p>\n\n\n\n<p>Sempre que sol\u00b7licitem les seues Dades personals, l&#8217;informarem amb claredat de quines dades personals recollim i amb quina fi. En general, recollim i tractem les seues dades personals amb el prop\u00f2sit de:<\/p>\n\n\n\n<p>\u2022&nbsp;&nbsp;&nbsp;&nbsp;&nbsp;&nbsp;&nbsp;&nbsp;&nbsp;&nbsp;&nbsp;&nbsp; Proporcionar informaci\u00f3, serveis, productes, informaci\u00f3 rellevant i novetats en el sector.<\/p>\n\n\n\n<p>\u2022&nbsp;&nbsp;&nbsp;&nbsp;&nbsp;&nbsp;&nbsp;&nbsp;&nbsp;&nbsp;&nbsp;&nbsp; Enviament de comunicacions.<\/p>\n\n\n\n<p><strong>5. LEGITIMITAT<\/strong><\/p>\n\n\n\n<p>D&#8217;acord amb la normativa de protecci\u00f3 de dades aplicable, les seues dades personals podran tractar-se sempre que:<\/p>\n\n\n\n<p>\u2022&nbsp;&nbsp;&nbsp;&nbsp;&nbsp;&nbsp;&nbsp;&nbsp;&nbsp;&nbsp;&nbsp;&nbsp; Ens ha donat el seu consentiment a l&#8217;efecte del tractament. Per descomptat podr\u00e0 retirar el seu consentiment en qualsevol moment.<\/p>\n\n\n\n<p>\u2022&nbsp;&nbsp;&nbsp;&nbsp;&nbsp;&nbsp;&nbsp;&nbsp;&nbsp;&nbsp;&nbsp;&nbsp; Per requeriment legal.<\/p>\n\n\n\n<p>\u2022&nbsp;&nbsp;&nbsp;&nbsp;&nbsp;&nbsp;&nbsp;&nbsp;&nbsp;&nbsp;&nbsp;&nbsp; Per existir un inter\u00e9s leg\u00edtim que no es veja menyscabat pels seus drets de privacitat, com per exemple l&#8217;enviament d&#8217;informaci\u00f3 comercial b\u00e9 per subscripci\u00f3 a nostra <em>newsletter<\/em> o per la seua condici\u00f3 de client.<\/p>\n\n\n\n<p>\u2022&nbsp;&nbsp;&nbsp;&nbsp;&nbsp;&nbsp;&nbsp;&nbsp;&nbsp;&nbsp;&nbsp;&nbsp; Per ser necess\u00e0ria per a la prestaci\u00f3 d&#8217;algun dels nostres serveis mitjan\u00e7ant relaci\u00f3 contractual entre vost\u00e9 i nosaltres.<\/p>\n\n\n\n<p><strong>6. COMUNICACI\u00d3 DE DADES PERSONALS<\/strong><\/p>\n\n\n\n<p>Les dades poden ser comunicats a empreses relacionades amb AGRUPACI\u00d3 DE FALLES DE MISLATA per a la prestaci\u00f3 dels diversos serveis en qualitat d&#8217;Encarregats del Tractament. L&#8217;empresa no realitzar\u00e0 cap cessi\u00f3, excepte per obligaci\u00f3 legal.<\/p>\n\n\n\n<p><strong>7. ELS SEUS DRETS<\/strong><\/p>\n\n\n\n<p>En relaci\u00f3 amb la recollida i tractament de les seues dades personals, pot posar-se en contacte amb nosaltres en qualsevol moment per a:<\/p>\n\n\n\n<p>\u2022&nbsp;&nbsp;&nbsp;&nbsp;&nbsp;&nbsp;&nbsp;&nbsp;&nbsp;&nbsp;&nbsp;&nbsp; Accedir a les seues dades personals i a qualsevol altra informaci\u00f3 indicada en l&#8217;Article 15.1 del RGPD.<\/p>\n\n\n\n<p>\u2022&nbsp;&nbsp;&nbsp;&nbsp;&nbsp;&nbsp;&nbsp;&nbsp;&nbsp;&nbsp;&nbsp;&nbsp; Rectificar les seues dades personals que siguen inexactes o estiguen incomplets d&#8217;acord amb l&#8217;Article 16 del RGPD.<\/p>\n\n\n\n<p>\u2022&nbsp;&nbsp;&nbsp;&nbsp;&nbsp;&nbsp;&nbsp;&nbsp;&nbsp;&nbsp;&nbsp;&nbsp; Suprimir les seues dades personals d&#8217;acord amb l&#8217;Article 17 del RGPD.<\/p>\n\n\n\n<p>\u2022&nbsp;&nbsp;&nbsp;&nbsp;&nbsp;&nbsp;&nbsp;&nbsp;&nbsp;&nbsp;&nbsp;&nbsp; Limitar el tractament de les seues dades personals d&#8217;acord amb l&#8217;Article 18 del RGPD.<\/p>\n\n\n\n<p>\u2022&nbsp;&nbsp;&nbsp;&nbsp;&nbsp;&nbsp;&nbsp;&nbsp;&nbsp;&nbsp;&nbsp;&nbsp; Sol\u00b7licitar la portabilitat de les seues dades d&#8217;acord amb l&#8217;Article 20 del RGPD.<\/p>\n\n\n\n<p>\u2022&nbsp;&nbsp;&nbsp;&nbsp;&nbsp;&nbsp;&nbsp;&nbsp;&nbsp;&nbsp;&nbsp;&nbsp; Oposar-se al tractament de les seues dades personals d&#8217;acord amb l&#8217;article 21 del RGPD.<\/p>\n\n\n\n<p>Si ha atorgat el seu consentiment per a alguna finalitat concreta, t\u00e9 dret a retirar el consentiment atorgat en qualsevol moment, sense que aix\u00f2 afecte la licitud del tractament basat en el consentiment previ a la seua retirada rrhh.<\/p>\n\n\n\n<p>Pot exercir aquests drets enviant comunicaci\u00f3, motivada i acreditada, a <strong>agrupaciofallesmislata@gmail.com<\/strong>.<\/p>\n\n\n\n<p>Tamb\u00e9 t\u00e9 dret a presentar una reclamaci\u00f3 davant l&#8217;Autoritat de control competent (www.aepd.es) si considera que el tractament no s&#8217;ajusta a la normativa vigent.<\/p>\n\n\n\n<p><strong>8. INFORMACI\u00d3 LEGAL<\/strong><\/p>\n\n\n\n<p>Els requisits d&#8217;aquesta Pol\u00edtica complementen, i no reemplacen, qualsevol altre requisit existent sota la llei de protecci\u00f3 de dades aplicable, que ser\u00e0 la que prevalga en qualsevol cas.<\/p>\n\n\n\n<p>Aquesta Pol\u00edtica est\u00e0 subjecta a revisions peri\u00f2diques i l&#8217;empresa pot modificar-la en qualsevol moment. Quan aix\u00f2 oc\u00f3rrega, li avisarem de qualsevol canvi i li demanarem que torne a llegir la versi\u00f3 m\u00e9s recent de la nostra Pol\u00edtica i que confirme la seua acceptaci\u00f3.<\/p>\n<\/div><\/div>\n","protected":false},"excerpt":{"rendered":"<p>1. INFORMACI\u00d3 A l&#8217;USUARI AGRUPACI\u00d3 DE FALLES DE MISLATA., com a Responsable del Tractament, l&#8217;informa que, segons el que es disposa en el Reglament (UE) 2016\/679, de 27 d&#8217;abril, (RGPD) i en la L.O. 3\/2018, de 5 de desembre, de&#8230;<\/p>\n","protected":false},"author":2,"featured_media":0,"parent":0,"menu_order":0,"comment_status":"closed","ping_status":"closed","template":"","meta":{"footnotes":""},"class_list":["post-5460","page","type-page","status-publish","hentry"],"yoast_head":"<!-- This site is optimized with the Yoast SEO plugin v23.9 - https:\/\/yoast.com\/wordpress\/plugins\/seo\/ -->\n<title>POL\u00cdTICA DE PRIVACITAT -<\/title>\n<meta name=\"robots\" content=\"index, follow, max-snippet:-1, max-image-preview:large, max-video-preview:-1\" \/>\n<link rel=\"canonical\" href=\"https:\/\/agrupaciofallesmislata.com\/?page_id=5460\" \/>\n<meta property=\"og:locale\" content=\"es_ES\" \/>\n<meta property=\"og:type\" content=\"article\" \/>\n<meta property=\"og:title\" content=\"POL\u00cdTICA DE PRIVACITAT -\" \/>\n<meta property=\"og:description\" content=\"1. INFORMACI\u00d3 A l&#8217;USUARI AGRUPACI\u00d3 DE FALLES DE MISLATA., com a Responsable del Tractament, l&#8217;informa que, segons el que es disposa en el Reglament (UE) 2016\/679, de 27 d&#8217;abril, (RGPD) i en la L.O. 3\/2018, de 5 de desembre, de...\" \/>\n<meta property=\"og:url\" content=\"https:\/\/agrupaciofallesmislata.com\/?page_id=5460\" \/>\n<meta property=\"article:publisher\" content=\"https:\/\/www.facebook.com\/Agrupacion-Fallas-Mislata-1594872270781422\/\" \/>\n<meta property=\"article:modified_time\" content=\"2021-10-13T20:46:48+00:00\" \/>\n<meta name=\"twitter:label1\" content=\"Tiempo de lectura\" \/>\n\t<meta name=\"twitter:data1\" content=\"5 minutos\" \/>\n<script type=\"application\/ld+json\" class=\"yoast-schema-graph\">{\"@context\":\"https:\/\/schema.org\",\"@graph\":[{\"@type\":\"WebPage\",\"@id\":\"https:\/\/agrupaciofallesmislata.com\/?page_id=5460\",\"url\":\"https:\/\/agrupaciofallesmislata.com\/?page_id=5460\",\"name\":\"POL\u00cdTICA DE PRIVACITAT -\",\"isPartOf\":{\"@id\":\"https:\/\/agrupaciofallesmislata.com\/#website\"},\"datePublished\":\"2021-10-13T20:46:47+00:00\",\"dateModified\":\"2021-10-13T20:46:48+00:00\",\"breadcrumb\":{\"@id\":\"https:\/\/agrupaciofallesmislata.com\/?page_id=5460#breadcrumb\"},\"inLanguage\":\"es\",\"potentialAction\":[{\"@type\":\"ReadAction\",\"target\":[\"https:\/\/agrupaciofallesmislata.com\/?page_id=5460\"]}]},{\"@type\":\"BreadcrumbList\",\"@id\":\"https:\/\/agrupaciofallesmislata.com\/?page_id=5460#breadcrumb\",\"itemListElement\":[{\"@type\":\"ListItem\",\"position\":1,\"name\":\"Portada\",\"item\":\"https:\/\/agrupaciofallesmislata.com\/\"},{\"@type\":\"ListItem\",\"position\":2,\"name\":\"POL\u00cdTICA DE PRIVACITAT\"}]},{\"@type\":\"WebSite\",\"@id\":\"https:\/\/agrupaciofallesmislata.com\/#website\",\"url\":\"https:\/\/agrupaciofallesmislata.com\/\",\"name\":\"\",\"description\":\"\",\"potentialAction\":[{\"@type\":\"SearchAction\",\"target\":{\"@type\":\"EntryPoint\",\"urlTemplate\":\"https:\/\/agrupaciofallesmislata.com\/?s={search_term_string}\"},\"query-input\":{\"@type\":\"PropertyValueSpecification\",\"valueRequired\":true,\"valueName\":\"search_term_string\"}}],\"inLanguage\":\"es\"}]}<\/script>\n<!-- \/ Yoast SEO plugin. -->","yoast_head_json":{"title":"POL\u00cdTICA DE PRIVACITAT -","robots":{"index":"index","follow":"follow","max-snippet":"max-snippet:-1","max-image-preview":"max-image-preview:large","max-video-preview":"max-video-preview:-1"},"canonical":"https:\/\/agrupaciofallesmislata.com\/?page_id=5460","og_locale":"es_ES","og_type":"article","og_title":"POL\u00cdTICA DE PRIVACITAT -","og_description":"1. INFORMACI\u00d3 A l&#8217;USUARI AGRUPACI\u00d3 DE FALLES DE MISLATA., com a Responsable del Tractament, l&#8217;informa que, segons el que es disposa en el Reglament (UE) 2016\/679, de 27 d&#8217;abril, (RGPD) i en la L.O. 3\/2018, de 5 de desembre, de...","og_url":"https:\/\/agrupaciofallesmislata.com\/?page_id=5460","article_publisher":"https:\/\/www.facebook.com\/Agrupacion-Fallas-Mislata-1594872270781422\/","article_modified_time":"2021-10-13T20:46:48+00:00","twitter_misc":{"Tiempo de lectura":"5 minutos"},"schema":{"@context":"https:\/\/schema.org","@graph":[{"@type":"WebPage","@id":"https:\/\/agrupaciofallesmislata.com\/?page_id=5460","url":"https:\/\/agrupaciofallesmislata.com\/?page_id=5460","name":"POL\u00cdTICA DE PRIVACITAT -","isPartOf":{"@id":"https:\/\/agrupaciofallesmislata.com\/#website"},"datePublished":"2021-10-13T20:46:47+00:00","dateModified":"2021-10-13T20:46:48+00:00","breadcrumb":{"@id":"https:\/\/agrupaciofallesmislata.com\/?page_id=5460#breadcrumb"},"inLanguage":"es","potentialAction":[{"@type":"ReadAction","target":["https:\/\/agrupaciofallesmislata.com\/?page_id=5460"]}]},{"@type":"BreadcrumbList","@id":"https:\/\/agrupaciofallesmislata.com\/?page_id=5460#breadcrumb","itemListElement":[{"@type":"ListItem","position":1,"name":"Portada","item":"https:\/\/agrupaciofallesmislata.com\/"},{"@type":"ListItem","position":2,"name":"POL\u00cdTICA DE PRIVACITAT"}]},{"@type":"WebSite","@id":"https:\/\/agrupaciofallesmislata.com\/#website","url":"https:\/\/agrupaciofallesmislata.com\/","name":"","description":"","potentialAction":[{"@type":"SearchAction","target":{"@type":"EntryPoint","urlTemplate":"https:\/\/agrupaciofallesmislata.com\/?s={search_term_string}"},"query-input":{"@type":"PropertyValueSpecification","valueRequired":true,"valueName":"search_term_string"}}],"inLanguage":"es"}]}},"_links":{"self":[{"href":"https:\/\/agrupaciofallesmislata.com\/index.php?rest_route=\/wp\/v2\/pages\/5460","targetHints":{"allow":["GET"]}}],"collection":[{"href":"https:\/\/agrupaciofallesmislata.com\/index.php?rest_route=\/wp\/v2\/pages"}],"about":[{"href":"https:\/\/agrupaciofallesmislata.com\/index.php?rest_route=\/wp\/v2\/types\/page"}],"author":[{"embeddable":true,"href":"https:\/\/agrupaciofallesmislata.com\/index.php?rest_route=\/wp\/v2\/users\/2"}],"replies":[{"embeddable":true,"href":"https:\/\/agrupaciofallesmislata.com\/index.php?rest_route=%2Fwp%2Fv2%2Fcomments&post=5460"}],"version-history":[{"count":1,"href":"https:\/\/agrupaciofallesmislata.com\/index.php?rest_route=\/wp\/v2\/pages\/5460\/revisions"}],"predecessor-version":[{"id":5462,"href":"https:\/\/agrupaciofallesmislata.com\/index.php?rest_route=\/wp\/v2\/pages\/5460\/revisions\/5462"}],"wp:attachment":[{"href":"https:\/\/agrupaciofallesmislata.com\/index.php?rest_route=%2Fwp%2Fv2%2Fmedia&parent=5460"}],"curies":[{"name":"wp","href":"https:\/\/api.w.org\/{rel}","templated":true}]}}