{"id":106,"date":"2015-02-01T20:52:01","date_gmt":"2015-02-01T20:52:01","guid":{"rendered":"http:\/\/s563191169.mialojamiento.es\/?page_id=106"},"modified":"2021-03-22T23:22:29","modified_gmt":"2021-03-22T23:22:29","slug":"salutacio","status":"publish","type":"page","link":"https:\/\/agrupaciofallesmislata.com\/?page_id=106","title":{"rendered":"Salutaci\u00f3"},"content":{"rendered":"<p style=\"text-align: justify;\">\u00a0\u00a0 <a href=\"https:\/\/agrupaciofallesmislata.com\/wp-content\/uploads\/2021\/03\/esther.jpg\"><img loading=\"lazy\" decoding=\"async\" class=\"size-full wp-image-5093 alignleft\" src=\"https:\/\/agrupaciofallesmislata.com\/wp-content\/uploads\/2021\/03\/esther.jpg\" alt=\"\" width=\"253\" height=\"337\" srcset=\"https:\/\/agrupaciofallesmislata.com\/wp-content\/uploads\/2021\/03\/esther.jpg 253w, https:\/\/agrupaciofallesmislata.com\/wp-content\/uploads\/2021\/03\/esther-225x300.jpg 225w\" sizes=\"auto, (max-width: 253px) 100vw, 253px\" \/><\/a> Ens trovem en ple segle XXI, el segle de les tecnologies, d&#8217;internet, les fotografies digitals&#8230; i tants avan\u00e7os que la Agrupaci\u00f3 Falles Mislata no podiem quedar enrere, per aix\u00f2 tornem a abrir esta porta a la tecnologia, a la comunicaci\u00f3.<\/p>\n<p style=\"text-align: justify;\">\u00a0\u00a0\u00a0 Hui, 15 de febrer de 2015, presentem la p\u00e0gina web de l&#8217;Agrupaci\u00f3 Falles Mislata, la p\u00e0gina de tots els fallers de Mislata, on es dar\u00e0n a coneixer els diferents actes organitzants per l&#8217;Agrupaci\u00f3, aix\u00ed com tots els m\u00e0xims representants de les onze falles de Mislata, els actes en els que participen les falles, noticies dels actes organitzats per les comissions&#8230;<\/p>\n<p style=\"text-align: justify;\">\u00a0\u00a0\u00a0 Esperem que siga un punt d&#8217;informaci\u00f3 per als fallers i per tos els veins de Mislata,i per a que tothom puga coneixer lo grans que son les nostres comissions, comissions que treballem durament a lo llarg de tot un any per donar festa i alegria a les nostres barriades.<\/p>\n<p style=\"text-align: justify;\">\u00a0\u00a0\u00a0 I recordeu que falles son i es senten durant 365 d\u00edes al any. Visquen les Falles!!!!!<\/p>\n<p style=\"text-align: right;\">Esther Cabanes i Garc\u00eda<\/p>\n<p style=\"text-align: right;\">Presidenta 2015<\/p>\n","protected":false},"excerpt":{"rendered":"<p>\u00a0\u00a0 Ens trovem en ple segle XXI, el segle de les tecnologies, d&#8217;internet, les fotografies digitals&#8230; i tants avan\u00e7os que la Agrupaci\u00f3 Falles Mislata no podiem quedar enrere, per aix\u00f2 tornem a abrir esta porta a la tecnologia, a la&#8230;<\/p>\n","protected":false},"author":2,"featured_media":0,"parent":0,"menu_order":0,"comment_status":"closed","ping_status":"closed","template":"","meta":{"footnotes":""},"class_list":["post-106","page","type-page","status-publish","hentry"],"yoast_head":"<!-- This site is optimized with the Yoast SEO plugin v23.9 - https:\/\/yoast.com\/wordpress\/plugins\/seo\/ -->\n<title>Salutaci\u00f3 -<\/title>\n<meta name=\"robots\" content=\"index, follow, max-snippet:-1, max-image-preview:large, max-video-preview:-1\" \/>\n<link rel=\"canonical\" href=\"https:\/\/agrupaciofallesmislata.com\/?page_id=106\" \/>\n<meta property=\"og:locale\" content=\"es_ES\" \/>\n<meta property=\"og:type\" content=\"article\" \/>\n<meta property=\"og:title\" content=\"Salutaci\u00f3 -\" \/>\n<meta property=\"og:description\" content=\"\u00a0\u00a0 Ens trovem en ple segle XXI, el segle de les tecnologies, d&#8217;internet, les fotografies digitals&#8230; i tants avan\u00e7os que la Agrupaci\u00f3 Falles Mislata no podiem quedar enrere, per aix\u00f2 tornem a abrir esta porta a la tecnologia, a la...\" \/>\n<meta property=\"og:url\" content=\"https:\/\/agrupaciofallesmislata.com\/?page_id=106\" \/>\n<meta property=\"article:publisher\" content=\"https:\/\/www.facebook.com\/Agrupacion-Fallas-Mislata-1594872270781422\/\" \/>\n<meta property=\"article:modified_time\" content=\"2021-03-22T23:22:29+00:00\" \/>\n<meta property=\"og:image\" content=\"https:\/\/agrupaciofallesmislata.com\/wp-content\/uploads\/2021\/03\/esther.jpg\" \/>\n<meta name=\"twitter:label1\" content=\"Tiempo de lectura\" \/>\n\t<meta name=\"twitter:data1\" content=\"1 minuto\" \/>\n<script type=\"application\/ld+json\" class=\"yoast-schema-graph\">{\"@context\":\"https:\/\/schema.org\",\"@graph\":[{\"@type\":\"WebPage\",\"@id\":\"https:\/\/agrupaciofallesmislata.com\/?page_id=106\",\"url\":\"https:\/\/agrupaciofallesmislata.com\/?page_id=106\",\"name\":\"Salutaci\u00f3 -\",\"isPartOf\":{\"@id\":\"https:\/\/agrupaciofallesmislata.com\/#website\"},\"primaryImageOfPage\":{\"@id\":\"https:\/\/agrupaciofallesmislata.com\/?page_id=106#primaryimage\"},\"image\":{\"@id\":\"https:\/\/agrupaciofallesmislata.com\/?page_id=106#primaryimage\"},\"thumbnailUrl\":\"https:\/\/agrupaciofallesmislata.com\/wp-content\/uploads\/2021\/03\/esther.jpg\",\"datePublished\":\"2015-02-01T20:52:01+00:00\",\"dateModified\":\"2021-03-22T23:22:29+00:00\",\"breadcrumb\":{\"@id\":\"https:\/\/agrupaciofallesmislata.com\/?page_id=106#breadcrumb\"},\"inLanguage\":\"es\",\"potentialAction\":[{\"@type\":\"ReadAction\",\"target\":[\"https:\/\/agrupaciofallesmislata.com\/?page_id=106\"]}]},{\"@type\":\"ImageObject\",\"inLanguage\":\"es\",\"@id\":\"https:\/\/agrupaciofallesmislata.com\/?page_id=106#primaryimage\",\"url\":\"https:\/\/agrupaciofallesmislata.com\/wp-content\/uploads\/2021\/03\/esther.jpg\",\"contentUrl\":\"https:\/\/agrupaciofallesmislata.com\/wp-content\/uploads\/2021\/03\/esther.jpg\",\"width\":253,\"height\":337},{\"@type\":\"BreadcrumbList\",\"@id\":\"https:\/\/agrupaciofallesmislata.com\/?page_id=106#breadcrumb\",\"itemListElement\":[{\"@type\":\"ListItem\",\"position\":1,\"name\":\"Portada\",\"item\":\"https:\/\/agrupaciofallesmislata.com\/\"},{\"@type\":\"ListItem\",\"position\":2,\"name\":\"Salutaci\u00f3\"}]},{\"@type\":\"WebSite\",\"@id\":\"https:\/\/agrupaciofallesmislata.com\/#website\",\"url\":\"https:\/\/agrupaciofallesmislata.com\/\",\"name\":\"\",\"description\":\"\",\"potentialAction\":[{\"@type\":\"SearchAction\",\"target\":{\"@type\":\"EntryPoint\",\"urlTemplate\":\"https:\/\/agrupaciofallesmislata.com\/?s={search_term_string}\"},\"query-input\":{\"@type\":\"PropertyValueSpecification\",\"valueRequired\":true,\"valueName\":\"search_term_string\"}}],\"inLanguage\":\"es\"}]}<\/script>\n<!-- \/ Yoast SEO plugin. -->","yoast_head_json":{"title":"Salutaci\u00f3 -","robots":{"index":"index","follow":"follow","max-snippet":"max-snippet:-1","max-image-preview":"max-image-preview:large","max-video-preview":"max-video-preview:-1"},"canonical":"https:\/\/agrupaciofallesmislata.com\/?page_id=106","og_locale":"es_ES","og_type":"article","og_title":"Salutaci\u00f3 -","og_description":"\u00a0\u00a0 Ens trovem en ple segle XXI, el segle de les tecnologies, d&#8217;internet, les fotografies digitals&#8230; i tants avan\u00e7os que la Agrupaci\u00f3 Falles Mislata no podiem quedar enrere, per aix\u00f2 tornem a abrir esta porta a la tecnologia, a la...","og_url":"https:\/\/agrupaciofallesmislata.com\/?page_id=106","article_publisher":"https:\/\/www.facebook.com\/Agrupacion-Fallas-Mislata-1594872270781422\/","article_modified_time":"2021-03-22T23:22:29+00:00","og_image":[{"url":"https:\/\/agrupaciofallesmislata.com\/wp-content\/uploads\/2021\/03\/esther.jpg"}],"twitter_misc":{"Tiempo de lectura":"1 minuto"},"schema":{"@context":"https:\/\/schema.org","@graph":[{"@type":"WebPage","@id":"https:\/\/agrupaciofallesmislata.com\/?page_id=106","url":"https:\/\/agrupaciofallesmislata.com\/?page_id=106","name":"Salutaci\u00f3 -","isPartOf":{"@id":"https:\/\/agrupaciofallesmislata.com\/#website"},"primaryImageOfPage":{"@id":"https:\/\/agrupaciofallesmislata.com\/?page_id=106#primaryimage"},"image":{"@id":"https:\/\/agrupaciofallesmislata.com\/?page_id=106#primaryimage"},"thumbnailUrl":"https:\/\/agrupaciofallesmislata.com\/wp-content\/uploads\/2021\/03\/esther.jpg","datePublished":"2015-02-01T20:52:01+00:00","dateModified":"2021-03-22T23:22:29+00:00","breadcrumb":{"@id":"https:\/\/agrupaciofallesmislata.com\/?page_id=106#breadcrumb"},"inLanguage":"es","potentialAction":[{"@type":"ReadAction","target":["https:\/\/agrupaciofallesmislata.com\/?page_id=106"]}]},{"@type":"ImageObject","inLanguage":"es","@id":"https:\/\/agrupaciofallesmislata.com\/?page_id=106#primaryimage","url":"https:\/\/agrupaciofallesmislata.com\/wp-content\/uploads\/2021\/03\/esther.jpg","contentUrl":"https:\/\/agrupaciofallesmislata.com\/wp-content\/uploads\/2021\/03\/esther.jpg","width":253,"height":337},{"@type":"BreadcrumbList","@id":"https:\/\/agrupaciofallesmislata.com\/?page_id=106#breadcrumb","itemListElement":[{"@type":"ListItem","position":1,"name":"Portada","item":"https:\/\/agrupaciofallesmislata.com\/"},{"@type":"ListItem","position":2,"name":"Salutaci\u00f3"}]},{"@type":"WebSite","@id":"https:\/\/agrupaciofallesmislata.com\/#website","url":"https:\/\/agrupaciofallesmislata.com\/","name":"","description":"","potentialAction":[{"@type":"SearchAction","target":{"@type":"EntryPoint","urlTemplate":"https:\/\/agrupaciofallesmislata.com\/?s={search_term_string}"},"query-input":{"@type":"PropertyValueSpecification","valueRequired":true,"valueName":"search_term_string"}}],"inLanguage":"es"}]}},"_links":{"self":[{"href":"https:\/\/agrupaciofallesmislata.com\/index.php?rest_route=\/wp\/v2\/pages\/106","targetHints":{"allow":["GET"]}}],"collection":[{"href":"https:\/\/agrupaciofallesmislata.com\/index.php?rest_route=\/wp\/v2\/pages"}],"about":[{"href":"https:\/\/agrupaciofallesmislata.com\/index.php?rest_route=\/wp\/v2\/types\/page"}],"author":[{"embeddable":true,"href":"https:\/\/agrupaciofallesmislata.com\/index.php?rest_route=\/wp\/v2\/users\/2"}],"replies":[{"embeddable":true,"href":"https:\/\/agrupaciofallesmislata.com\/index.php?rest_route=%2Fwp%2Fv2%2Fcomments&post=106"}],"version-history":[{"count":9,"href":"https:\/\/agrupaciofallesmislata.com\/index.php?rest_route=\/wp\/v2\/pages\/106\/revisions"}],"predecessor-version":[{"id":5097,"href":"https:\/\/agrupaciofallesmislata.com\/index.php?rest_route=\/wp\/v2\/pages\/106\/revisions\/5097"}],"wp:attachment":[{"href":"https:\/\/agrupaciofallesmislata.com\/index.php?rest_route=%2Fwp%2Fv2%2Fmedia&parent=106"}],"curies":[{"name":"wp","href":"https:\/\/api.w.org\/{rel}","templated":true}]}}